{"id":8,"date":"2024-03-28T13:42:06","date_gmt":"2024-03-28T13:42:06","guid":{"rendered":"https:\/\/rtm-industrialmontage.com\/?page_id=8"},"modified":"2024-04-11T10:09:06","modified_gmt":"2024-04-11T10:09:06","slug":"o-nama","status":"publish","type":"page","link":"https:\/\/rtm-industrialmontage.com\/index.php\/o-nama\/","title":{"rendered":"O nama"},"content":{"rendered":"\t\t<div data-elementor-type=\"wp-page\" data-elementor-id=\"8\" class=\"elementor elementor-8\">\n\t\t\t\t\t\t<section class=\"elementor-section elementor-top-section elementor-element elementor-element-e94468f elementor-section-height-min-height elementor-section-boxed elementor-section-height-default elementor-section-items-middle\" data-id=\"e94468f\" data-element_type=\"section\" data-settings=\"{&quot;background_background&quot;:&quot;slideshow&quot;,&quot;background_slideshow_gallery&quot;:[{&quot;id&quot;:774,&quot;url&quot;:&quot;https:\\\/\\\/rtm-industrialmontage.com\\\/wp-content\\\/uploads\\\/2022\\\/02\\\/industry_12.jpg&quot;}],&quot;background_slideshow_ken_burns&quot;:&quot;yes&quot;,&quot;background_slideshow_slide_duration&quot;:3000,&quot;background_slideshow_loop&quot;:&quot;yes&quot;,&quot;background_slideshow_slide_transition&quot;:&quot;fade&quot;,&quot;background_slideshow_transition_duration&quot;:500,&quot;background_slideshow_ken_burns_zoom_direction&quot;:&quot;in&quot;}\">\n\t\t\t\t\t\t\t<div class=\"elementor-background-overlay\"><\/div>\n\t\t\t\t\t\t\t<div class=\"elementor-container elementor-column-gap-default\">\n\t\t\t\t\t<div class=\"elementor-column elementor-col-100 elementor-top-column elementor-element elementor-element-a4cfdde\" data-id=\"a4cfdde\" data-element_type=\"column\">\n\t\t\t<div class=\"elementor-widget-wrap elementor-element-populated\">\n\t\t\t\t\t\t<section class=\"elementor-section elementor-inner-section elementor-element elementor-element-72c31a7 elementor-section-content-middle elementor-section-boxed elementor-section-height-default elementor-section-height-default\" data-id=\"72c31a7\" data-element_type=\"section\">\n\t\t\t\t\t\t<div class=\"elementor-container elementor-column-gap-default\">\n\t\t\t\t\t<div class=\"elementor-column elementor-col-100 elementor-inner-column elementor-element elementor-element-d038dc0\" data-id=\"d038dc0\" data-element_type=\"column\">\n\t\t\t<div class=\"elementor-widget-wrap elementor-element-populated\">\n\t\t\t\t\t\t<div class=\"elementor-element elementor-element-1c367b7 elementor-widget__width-initial elementor-widget elementor-widget-heading\" data-id=\"1c367b7\" data-element_type=\"widget\" data-widget_type=\"heading.default\">\n\t\t\t\t<div class=\"elementor-widget-container\">\n\t\t\t\t\t<h2 class=\"elementor-heading-title elementor-size-default\">O nama<\/h2>\t\t\t\t<\/div>\n\t\t\t\t<\/div>\n\t\t\t\t\t<\/div>\n\t\t<\/div>\n\t\t\t\t\t<\/div>\n\t\t<\/section>\n\t\t\t\t\t<\/div>\n\t\t<\/div>\n\t\t\t\t\t<\/div>\n\t\t<\/section>\n\t\t<div class=\"elementor-element elementor-element-81c6c10 e-flex e-con-boxed e-con e-parent\" data-id=\"81c6c10\" data-element_type=\"container\">\n\t\t\t\t\t<div class=\"e-con-inner\">\n\t\t\t\t<div class=\"elementor-element elementor-element-b42315d elementor-widget elementor-widget-heading\" data-id=\"b42315d\" data-element_type=\"widget\" data-widget_type=\"heading.default\">\n\t\t\t\t<div class=\"elementor-widget-container\">\n\t\t\t\t\t<h2 class=\"elementor-heading-title elementor-size-default\">RTM Industrialmontage<\/h2>\t\t\t\t<\/div>\n\t\t\t\t<\/div>\n\t\t\t\t\t<\/div>\n\t\t\t\t<\/div>\n\t\t<div class=\"elementor-element elementor-element-77579ed e-flex e-con-boxed e-con e-parent\" data-id=\"77579ed\" data-element_type=\"container\">\n\t\t\t\t\t<div class=\"e-con-inner\">\n\t\t\t\t<div class=\"elementor-element elementor-element-5e3e510 elementor-widget elementor-widget-text-editor\" data-id=\"5e3e510\" data-element_type=\"widget\" data-widget_type=\"text-editor.default\">\n\t\t\t\t<div class=\"elementor-widget-container\">\n\t\t\t\t\t\t\t\t\t<p><\/p>\n<p>Kompanija <strong>RTM Industrialmontage<\/strong>, osnovana s vizijom i stru\u010dno\u0161\u0107u 2021. godine u Hrvatskoj, predstavlja istaknutog igra\u010da u industriji instalacije i monta\u017ee industrijskih strojeva i opreme, uz specijalizaciju u transportnim sustavima. Pod vodstvom direktora Roberta Mirkovi\u0107a, \u010dije bogato iskustvo obuhva\u0107a rad s vode\u0107im globalnim tvrtkama kao \u0161to su <strong>Log System, Siemens i Moll,<\/strong> RTM Industrialmontage uspostavio je vrhunski tim stru\u010dnjaka. Ovaj tim, sastavljen od iskusnih montera, vje\u0161tih varioca i inovativnih projekt menad\u017eera, predstavlja sr\u017e tvrtke i klju\u010d njenog uspjeha.<\/p>\n<p>Tvrtka s ponosom isti\u010de svoje partnerstvo s vode\u0107im imenima u automobilskoj industriji, uklju\u010duju\u0107i presti\u017ene brendove poput <strong>BMW-a, Audija, Mercedesa i \u010ditave VW grupacije.<\/strong> Na\u0161a suradnja s ovim gigantima nije samo poslovni anga\u017eman; to je potvrda na\u0161e predanosti, stru\u010dnosti i inovativnosti u postizanju izvrsnosti. RTM Industrialmontage, kroz svoje projekte, ne samo da pridonosi razvoju automobilske industrije ve\u0107 i postavlja nove standarde, poti\u010du\u0107i kontinuirani napredak i inovaciju.<\/p>\n<p>Na\u0161a misija se\u017ee dalje od obi\u010dne monta\u017ee; te\u017eimo biti arhitekti industrijske budu\u0107nosti, gdje svaki vijak, svaki var pri\u010da pri\u010du o kvaliteti, izdr\u017eljivosti i tehnolo\u0161kom napretku. U RTM Industrialmontage, svaki projekt je odraz na\u0161e strasti prema in\u017eenjerstvu i na\u0161eg neumornog nastojanja da oblikujemo svijet oko nas. Uz stalno ulaganje u znanje i razvoj na\u0161ih zaposlenika, predani smo ostvarivanju vizije koja nadilazi o\u010dekivanja i postavlja nove granice mogu\u0107eg.<\/p>\n<p><\/p>\t\t\t\t\t\t\t\t<\/div>\n\t\t\t\t<\/div>\n\t\t\t\t\t<\/div>\n\t\t\t\t<\/div>\n\t\t\t\t<\/div>\n\t\t","protected":false},"excerpt":{"rendered":"<p>O nama RTM Industrialmontage Kompanija RTM Industrialmontage, osnovana s vizijom i stru\u010dno\u0161\u0107u 2021. godine u Hrvatskoj, predstavlja istaknutog igra\u010da u&hellip;<\/p>\n","protected":false},"author":1,"featured_media":0,"parent":0,"menu_order":0,"comment_status":"closed","ping_status":"closed","template":"elementor_header_footer","meta":{"footnotes":""},"class_list":{"0":"post-8","1":"page","2":"type-page","3":"status-publish","5":"entry"},"_links":{"self":[{"href":"https:\/\/rtm-industrialmontage.com\/index.php\/wp-json\/wp\/v2\/pages\/8","targetHints":{"allow":["GET"]}}],"collection":[{"href":"https:\/\/rtm-industrialmontage.com\/index.php\/wp-json\/wp\/v2\/pages"}],"about":[{"href":"https:\/\/rtm-industrialmontage.com\/index.php\/wp-json\/wp\/v2\/types\/page"}],"author":[{"embeddable":true,"href":"https:\/\/rtm-industrialmontage.com\/index.php\/wp-json\/wp\/v2\/users\/1"}],"replies":[{"embeddable":true,"href":"https:\/\/rtm-industrialmontage.com\/index.php\/wp-json\/wp\/v2\/comments?post=8"}],"version-history":[{"count":24,"href":"https:\/\/rtm-industrialmontage.com\/index.php\/wp-json\/wp\/v2\/pages\/8\/revisions"}],"predecessor-version":[{"id":1841,"href":"https:\/\/rtm-industrialmontage.com\/index.php\/wp-json\/wp\/v2\/pages\/8\/revisions\/1841"}],"wp:attachment":[{"href":"https:\/\/rtm-industrialmontage.com\/index.php\/wp-json\/wp\/v2\/media?parent=8"}],"curies":[{"name":"wp","href":"https:\/\/api.w.org\/{rel}","templated":true}]}}