{"id":1593,"date":"2024-04-04T20:03:38","date_gmt":"2024-04-04T20:03:38","guid":{"rendered":"https:\/\/rtm-industrialmontage.com\/?page_id=1593"},"modified":"2024-04-11T07:38:23","modified_gmt":"2024-04-11T07:38:23","slug":"industrijska-oprema","status":"publish","type":"page","link":"https:\/\/rtm-industrialmontage.com\/index.php\/industrijska-oprema\/","title":{"rendered":"Industrijska oprema"},"content":{"rendered":"\t\t<div data-elementor-type=\"wp-page\" data-elementor-id=\"1593\" class=\"elementor elementor-1593\">\n\t\t\t\t\t\t<section class=\"elementor-section elementor-top-section elementor-element elementor-element-315ea29 elementor-section-height-min-height elementor-section-boxed elementor-section-height-default elementor-section-items-middle\" data-id=\"315ea29\" data-element_type=\"section\" data-settings=\"{&quot;background_background&quot;:&quot;slideshow&quot;,&quot;background_slideshow_gallery&quot;:[{&quot;id&quot;:1561,&quot;url&quot;:&quot;https:\\\/\\\/rtm-industrialmontage.com\\\/wp-content\\\/uploads\\\/2024\\\/04\\\/RTM1-scaled.jpg&quot;}],&quot;background_slideshow_ken_burns&quot;:&quot;yes&quot;,&quot;background_slideshow_slide_duration&quot;:3000,&quot;background_slideshow_loop&quot;:&quot;yes&quot;,&quot;background_slideshow_slide_transition&quot;:&quot;fade&quot;,&quot;background_slideshow_transition_duration&quot;:500,&quot;background_slideshow_ken_burns_zoom_direction&quot;:&quot;in&quot;}\">\n\t\t\t\t\t\t\t<div class=\"elementor-background-overlay\"><\/div>\n\t\t\t\t\t\t\t<div class=\"elementor-container elementor-column-gap-default\">\n\t\t\t\t\t<div class=\"elementor-column elementor-col-100 elementor-top-column elementor-element elementor-element-f08eec7\" data-id=\"f08eec7\" data-element_type=\"column\">\n\t\t\t<div class=\"elementor-widget-wrap elementor-element-populated\">\n\t\t\t\t\t\t<section class=\"elementor-section elementor-inner-section elementor-element elementor-element-ce33f21 elementor-section-content-middle elementor-section-boxed elementor-section-height-default elementor-section-height-default\" data-id=\"ce33f21\" data-element_type=\"section\">\n\t\t\t\t\t\t<div class=\"elementor-container elementor-column-gap-default\">\n\t\t\t\t\t<div class=\"elementor-column elementor-col-100 elementor-inner-column elementor-element elementor-element-4d9f1ce\" data-id=\"4d9f1ce\" data-element_type=\"column\">\n\t\t\t<div class=\"elementor-widget-wrap elementor-element-populated\">\n\t\t\t\t\t\t<div class=\"elementor-element elementor-element-a19b024 elementor-widget__width-initial elementor-widget elementor-widget-heading\" data-id=\"a19b024\" data-element_type=\"widget\" data-widget_type=\"heading.default\">\n\t\t\t\t<div class=\"elementor-widget-container\">\n\t\t\t\t\t<h2 class=\"elementor-heading-title elementor-size-default\">Industrijska oprema<\/h2>\t\t\t\t<\/div>\n\t\t\t\t<\/div>\n\t\t\t\t\t<\/div>\n\t\t<\/div>\n\t\t\t\t\t<\/div>\n\t\t<\/section>\n\t\t\t\t\t<\/div>\n\t\t<\/div>\n\t\t\t\t\t<\/div>\n\t\t<\/section>\n\t\t<div class=\"elementor-element elementor-element-9918f04 e-flex e-con-boxed e-con e-parent\" data-id=\"9918f04\" data-element_type=\"container\">\n\t\t\t\t\t<div class=\"e-con-inner\">\n\t\t\t\t<div class=\"elementor-element elementor-element-9765f3e elementor-widget elementor-widget-heading\" data-id=\"9765f3e\" data-element_type=\"widget\" data-widget_type=\"heading.default\">\n\t\t\t\t<div class=\"elementor-widget-container\">\n\t\t\t\t\t<h2 class=\"elementor-heading-title elementor-size-default\">Industrijska oprema<\/h2>\t\t\t\t<\/div>\n\t\t\t\t<\/div>\n\t\t\t\t\t<\/div>\n\t\t\t\t<\/div>\n\t\t<div class=\"elementor-element elementor-element-0dfaadb e-flex e-con-boxed e-con e-parent\" data-id=\"0dfaadb\" data-element_type=\"container\">\n\t\t\t\t\t<div class=\"e-con-inner\">\n\t\t\t\t<div class=\"elementor-element elementor-element-30b2e0a elementor-widget elementor-widget-text-editor\" data-id=\"30b2e0a\" data-element_type=\"widget\" data-widget_type=\"text-editor.default\">\n\t\t\t\t<div class=\"elementor-widget-container\">\n\t\t\t\t\t\t\t\t\t<p>Na\u0161a \u0161iroka paleta usluga obuhva\u0107a sve aspekte vezane uz industrijsku opremu i postrojenja. Bez obzira jeste li u potrazi za rastavljanjem i uklanjanjem postoje\u0107e opreme radi nadogradnje ili \u017eelite instalirati potpuno novu proizvodnu liniju, mi smo tu da vam pru\u017eimo sveobuhvatnu uslugu. Na\u0161 tim stru\u010dnjaka ne samo da \u0107e izvr\u0161iti rastavljanje i demonta\u017eu postoje\u0107e opreme, ve\u0107 \u0107e se pobrinuti i za preciznu instalaciju nove opreme za proizvodnju.<\/p><p>Na\u0161a stru\u010dnost obuhva\u0107a i monta\u017eu i pu\u0161tanje u pogon novih postrojenja. Bez obzira na slo\u017eenost va\u0161eg projekta, mo\u017eete ra\u010dunati na na\u0161u stru\u010dnost i iskustvo kako bismo osigurali besprijekoran proces monta\u017ee i pu\u0161tanja u pogon va\u0161eg novog postrojenja. Od po\u010detnog planiranja do kona\u010dne provjere, na\u0161 tim \u0107e raditi s vama kako bi osigurao da sve bude izvedeno u skladu s va\u0161im specifikacijama i o\u010dekivanjima.<\/p><p>Nadalje, na\u0161e usluge uklju\u010duju i redovito odr\u017eavanje postoje\u0107ih postrojenja kako bismo osigurali njihovu optimalnu performansu i produ\u017eili njihov radni vijek. Bez obzira na vrstu industrije ili opreme koju koristite, na\u0161a prilago\u0111ena odr\u017eavanja planirana su kako bi se minimiziralo vrijeme zastoja i osigurala kontinuirana produktivnost va\u0161eg postrojenja.<\/p><p>Ukratko, na\u0161a usmjerenost na kvalitetu, stru\u010dnost i posve\u0107enost klijentima \u010dini nas idealnim partnerom za sve va\u0161e potrebe u vezi s industrijskom opremom i postrojenjima.<\/p>\t\t\t\t\t\t\t\t<\/div>\n\t\t\t\t<\/div>\n\t\t\t\t\t<\/div>\n\t\t\t\t<\/div>\n\t\t\t\t<\/div>\n\t\t","protected":false},"excerpt":{"rendered":"<p>Industrijska oprema Industrijska oprema Na\u0161a \u0161iroka paleta usluga obuhva\u0107a sve aspekte vezane uz industrijsku opremu i postrojenja. Bez obzira jeste&hellip;<\/p>\n","protected":false},"author":1,"featured_media":0,"parent":0,"menu_order":0,"comment_status":"closed","ping_status":"closed","template":"elementor_header_footer","meta":{"footnotes":""},"class_list":{"0":"post-1593","1":"page","2":"type-page","3":"status-publish","5":"entry"},"_links":{"self":[{"href":"https:\/\/rtm-industrialmontage.com\/index.php\/wp-json\/wp\/v2\/pages\/1593","targetHints":{"allow":["GET"]}}],"collection":[{"href":"https:\/\/rtm-industrialmontage.com\/index.php\/wp-json\/wp\/v2\/pages"}],"about":[{"href":"https:\/\/rtm-industrialmontage.com\/index.php\/wp-json\/wp\/v2\/types\/page"}],"author":[{"embeddable":true,"href":"https:\/\/rtm-industrialmontage.com\/index.php\/wp-json\/wp\/v2\/users\/1"}],"replies":[{"embeddable":true,"href":"https:\/\/rtm-industrialmontage.com\/index.php\/wp-json\/wp\/v2\/comments?post=1593"}],"version-history":[{"count":7,"href":"https:\/\/rtm-industrialmontage.com\/index.php\/wp-json\/wp\/v2\/pages\/1593\/revisions"}],"predecessor-version":[{"id":1798,"href":"https:\/\/rtm-industrialmontage.com\/index.php\/wp-json\/wp\/v2\/pages\/1593\/revisions\/1798"}],"wp:attachment":[{"href":"https:\/\/rtm-industrialmontage.com\/index.php\/wp-json\/wp\/v2\/media?parent=1593"}],"curies":[{"name":"wp","href":"https:\/\/api.w.org\/{rel}","templated":true}]}}